{"id":3098,"date":"2025-04-03T20:11:24","date_gmt":"2025-04-04T00:11:24","guid":{"rendered":"https:\/\/trilogiam.ca\/sobre-mi\/"},"modified":"2025-07-13T15:06:38","modified_gmt":"2025-07-13T19:06:38","slug":"sobre-mi","status":"publish","type":"page","link":"https:\/\/trilogiam.ca\/es\/sobre-mi\/","title":{"rendered":"Sobre m\u00ed"},"content":{"rendered":"\t\t<div data-elementor-type=\"wp-page\" data-elementor-id=\"3098\" class=\"elementor elementor-3098 elementor-113\" data-elementor-post-type=\"page\">\n\t\t\t\t\t\t<section data-particle_enable=\"false\" data-particle-mobile-disabled=\"false\" class=\"elementor-section elementor-top-section elementor-element elementor-element-14dbb43 elementor-section-height-full elementor-section-items-top elementor-section-boxed elementor-section-height-default\" data-id=\"14dbb43\" data-element_type=\"section\" data-e-type=\"section\" data-settings=\"{&quot;background_background&quot;:&quot;classic&quot;,&quot;jet_parallax_layout_list&quot;:[{&quot;_id&quot;:&quot;668fd6f&quot;,&quot;jet_parallax_layout_image&quot;:{&quot;url&quot;:&quot;&quot;,&quot;id&quot;:&quot;&quot;,&quot;size&quot;:&quot;&quot;},&quot;jet_parallax_layout_image_tablet&quot;:{&quot;url&quot;:&quot;&quot;,&quot;id&quot;:&quot;&quot;,&quot;size&quot;:&quot;&quot;},&quot;jet_parallax_layout_image_mobile&quot;:{&quot;url&quot;:&quot;&quot;,&quot;id&quot;:&quot;&quot;,&quot;size&quot;:&quot;&quot;},&quot;jet_parallax_layout_speed&quot;:{&quot;unit&quot;:&quot;%&quot;,&quot;size&quot;:50,&quot;sizes&quot;:[]},&quot;jet_parallax_layout_type&quot;:&quot;scroll&quot;,&quot;jet_parallax_layout_direction&quot;:&quot;1&quot;,&quot;jet_parallax_layout_fx_direction&quot;:null,&quot;jet_parallax_layout_z_index&quot;:&quot;&quot;,&quot;jet_parallax_layout_bg_x&quot;:50,&quot;jet_parallax_layout_bg_x_tablet&quot;:&quot;&quot;,&quot;jet_parallax_layout_bg_x_mobile&quot;:&quot;&quot;,&quot;jet_parallax_layout_bg_y&quot;:50,&quot;jet_parallax_layout_bg_y_tablet&quot;:&quot;&quot;,&quot;jet_parallax_layout_bg_y_mobile&quot;:&quot;&quot;,&quot;jet_parallax_layout_bg_size&quot;:&quot;auto&quot;,&quot;jet_parallax_layout_bg_size_tablet&quot;:&quot;&quot;,&quot;jet_parallax_layout_bg_size_mobile&quot;:&quot;&quot;,&quot;jet_parallax_layout_animation_prop&quot;:&quot;transform&quot;,&quot;jet_parallax_layout_on&quot;:[&quot;desktop&quot;,&quot;tablet&quot;]}]}\">\n\t\t\t\t\t\t\t<div class=\"elementor-background-overlay\"><\/div>\n\t\t\t\t\t\t\t<div class=\"elementor-container elementor-column-gap-no\">\n\t\t\t\t\t<div class=\"elementor-column elementor-col-100 elementor-top-column elementor-element elementor-element-b2c6c1f\" data-id=\"b2c6c1f\" data-element_type=\"column\" data-e-type=\"column\">\n\t\t\t<div class=\"elementor-widget-wrap elementor-element-populated\">\n\t\t\t\t\t\t<div class=\"elementor-element elementor-element-cd21b8d elementor-widget-divider--view-line elementor-widget elementor-widget-divider\" data-id=\"cd21b8d\" data-element_type=\"widget\" data-e-type=\"widget\" data-widget_type=\"divider.default\">\n\t\t\t\t<div class=\"elementor-widget-container\">\n\t\t\t\t\t\t\t<div class=\"elementor-divider\">\n\t\t\t<span class=\"elementor-divider-separator\">\n\t\t\t\t\t\t<\/span>\n\t\t<\/div>\n\t\t\t\t\t\t<\/div>\n\t\t\t\t<\/div>\n\t\t\t\t<div class=\"elementor-element elementor-element-24c8cab elementor-widget elementor-widget-heading\" data-id=\"24c8cab\" data-element_type=\"widget\" data-e-type=\"widget\" data-widget_type=\"heading.default\">\n\t\t\t\t<div class=\"elementor-widget-container\">\n\t\t\t\t\t<h1 class=\"elementor-heading-title elementor-size-default\">Mi camino<\/h1>\t\t\t\t<\/div>\n\t\t\t\t<\/div>\n\t\t\t\t\t<\/div>\n\t\t<\/div>\n\t\t\t\t\t<\/div>\n\t\t<\/section>\n\t\t\t\t<section data-particle_enable=\"false\" data-particle-mobile-disabled=\"false\" class=\"elementor-section elementor-top-section elementor-element elementor-element-d6148a4 elementor-section-boxed elementor-section-height-default elementor-section-height-default\" data-id=\"d6148a4\" data-element_type=\"section\" data-e-type=\"section\" data-settings=\"{&quot;jet_parallax_layout_list&quot;:[{&quot;_id&quot;:&quot;a76dbfb&quot;,&quot;jet_parallax_layout_image&quot;:{&quot;url&quot;:&quot;&quot;,&quot;id&quot;:&quot;&quot;,&quot;size&quot;:&quot;&quot;},&quot;jet_parallax_layout_image_tablet&quot;:{&quot;url&quot;:&quot;&quot;,&quot;id&quot;:&quot;&quot;,&quot;size&quot;:&quot;&quot;},&quot;jet_parallax_layout_image_mobile&quot;:{&quot;url&quot;:&quot;&quot;,&quot;id&quot;:&quot;&quot;,&quot;size&quot;:&quot;&quot;},&quot;jet_parallax_layout_speed&quot;:{&quot;unit&quot;:&quot;%&quot;,&quot;size&quot;:50,&quot;sizes&quot;:[]},&quot;jet_parallax_layout_type&quot;:&quot;scroll&quot;,&quot;jet_parallax_layout_direction&quot;:&quot;1&quot;,&quot;jet_parallax_layout_fx_direction&quot;:null,&quot;jet_parallax_layout_z_index&quot;:&quot;&quot;,&quot;jet_parallax_layout_bg_x&quot;:50,&quot;jet_parallax_layout_bg_x_tablet&quot;:&quot;&quot;,&quot;jet_parallax_layout_bg_x_mobile&quot;:&quot;&quot;,&quot;jet_parallax_layout_bg_y&quot;:50,&quot;jet_parallax_layout_bg_y_tablet&quot;:&quot;&quot;,&quot;jet_parallax_layout_bg_y_mobile&quot;:&quot;&quot;,&quot;jet_parallax_layout_bg_size&quot;:&quot;auto&quot;,&quot;jet_parallax_layout_bg_size_tablet&quot;:&quot;&quot;,&quot;jet_parallax_layout_bg_size_mobile&quot;:&quot;&quot;,&quot;jet_parallax_layout_animation_prop&quot;:&quot;transform&quot;,&quot;jet_parallax_layout_on&quot;:[&quot;desktop&quot;,&quot;tablet&quot;]}],&quot;background_background&quot;:&quot;classic&quot;}\">\n\t\t\t\t\t\t\t<div class=\"elementor-background-overlay\"><\/div>\n\t\t\t\t\t\t\t<div class=\"elementor-container elementor-column-gap-no\">\n\t\t\t\t\t<div class=\"elementor-column elementor-col-50 elementor-top-column elementor-element elementor-element-214efbb\" data-id=\"214efbb\" data-element_type=\"column\" data-e-type=\"column\">\n\t\t\t<div class=\"elementor-widget-wrap elementor-element-populated\">\n\t\t\t\t\t\t<div class=\"elementor-element elementor-element-7d3583f elementor-invisible elementor-widget elementor-widget-image\" data-id=\"7d3583f\" data-element_type=\"widget\" data-e-type=\"widget\" data-settings=\"{&quot;_animation&quot;:&quot;fadeIn&quot;}\" data-widget_type=\"image.default\">\n\t\t\t\t<div class=\"elementor-widget-container\">\n\t\t\t\t\t\t\t\t\t\t\t\t\t\t\t<img fetchpriority=\"high\" decoding=\"async\" width=\"300\" height=\"300\" src=\"https:\/\/trilogiam.ca\/wp-content\/uploads\/2021\/06\/Journey-Portrait-300x300.jpg\" class=\"attachment-medium size-medium wp-image-3100\" alt=\"\" srcset=\"https:\/\/trilogiam.ca\/wp-content\/uploads\/2021\/06\/Journey-Portrait-300x300.jpg 300w, https:\/\/trilogiam.ca\/wp-content\/uploads\/2021\/06\/Journey-Portrait-1024x1024.jpg 1024w, https:\/\/trilogiam.ca\/wp-content\/uploads\/2021\/06\/Journey-Portrait-150x150.jpg 150w, https:\/\/trilogiam.ca\/wp-content\/uploads\/2021\/06\/Journey-Portrait-768x768.jpg 768w, https:\/\/trilogiam.ca\/wp-content\/uploads\/2021\/06\/Journey-Portrait-1536x1536.jpg 1536w\" sizes=\"(max-width: 300px) 100vw, 300px\" \/>\t\t\t\t\t\t\t\t\t\t\t\t\t\t\t<\/div>\n\t\t\t\t<\/div>\n\t\t\t\t\t<\/div>\n\t\t<\/div>\n\t\t\t\t<div class=\"elementor-column elementor-col-50 elementor-top-column elementor-element elementor-element-78472c1\" data-id=\"78472c1\" data-element_type=\"column\" data-e-type=\"column\">\n\t\t\t<div class=\"elementor-widget-wrap elementor-element-populated\">\n\t\t\t\t\t\t<div class=\"elementor-element elementor-element-6e731c8 elementor-drop-cap-yes elementor-drop-cap-view-default elementor-widget elementor-widget-text-editor\" data-id=\"6e731c8\" data-element_type=\"widget\" data-e-type=\"widget\" data-settings=\"{&quot;drop_cap&quot;:&quot;yes&quot;}\" data-widget_type=\"text-editor.default\">\n\t\t\t\t<div class=\"elementor-widget-container\">\n\t\t\t\t\t\t\t\t\t<p>Dicen que <em>el tiempo vuela cuando te diviertes<\/em>, lo que puede explicar por qu\u00e9 treinta quatro a\u00f1os en el sector de la inform\u00e1tica han pasado tan r\u00e1pido. No ten\u00eda necesariamente la <em>intenci\u00f3n<\/em> de hacer carrera en inform\u00e1tica; \u00a1muchas de las cosas que damos por sentadas hoy ni siquiera exist\u00edan hace 30 a\u00f1os! Simplemente&#8230; ca\u00ed en ello. Consegu\u00ed un trabajo que implicaba usar un PC a finales de los 80 (\u00a1un 286 con muy poca RAM, para los que sois m\u00e1s mayores que yo!); ten\u00eda curiosidad, as\u00ed que me inform\u00e9 sobre estas cosas, y lo siguiente que supe&#8230; es que estaba enganchado.   <\/p><p>Descubr\u00ed que ten\u00eda habilidad para el software, y casi intuitivamente me preguntaba c\u00f3mo funcionaba. En 1990, acept\u00e9 mi primer trabajo de inform\u00e1tica para un distribuidor de ordenadores en Montreal, pero lo que necesitaba era un ingeniero de <em>redes<\/em>. No sab\u00eda nada de redes: Ethernet, Token Ring, IPX\/SPX, TCP\/IP, NetWare&#8230; todo eso me era desconocido. Pero me puse a ello, estudi\u00e9 y obtuve mi CNE (Certified NetWare Engineer) bastante r\u00e1pido. Result\u00f3 que tambi\u00e9n se me daban bien los sistemas operativos de red, y pronto los clientes empezaron a preguntar por m\u00ed.    <\/p><p>Unos a\u00f1os m\u00e1s tarde, acab\u00e9 trabajando por mi cuenta como consultor. As\u00ed que aqu\u00ed estaba <em>otra<\/em> nueva aventura: nunca hab\u00eda esperado tener mi propio negocio. Pero las oportunidades aumentaron y pronto estuve muy ocupado. Me asoci\u00e9 con otro CNE y empezamos a crecer. Como muchas asociaciones, despu\u00e9s de unos a\u00f1os tuvimos diferencias en nuestras visiones y nos separamos; le compr\u00e9 su parte y segu\u00ed haciendo crecer el equipo.    <\/p><p>Como en muchos negocios, hubo altibajos. Como no ten\u00eda ninguna formaci\u00f3n empresarial formal, tuve que aprender sobre la marcha. Tuve algunos mentores y entrenadores estupendos, pero en 2016 toqu\u00e9 fondo y no pude recuperarme, as\u00ed que cerr\u00e9 la empresa.  <\/p><p>Trabaj\u00e9 durante unos a\u00f1os para uno de mis mentores, alguien a quien ya conoc\u00eda desde hac\u00eda m\u00e1s de 25 a\u00f1os. All\u00ed aprend\u00ed mucho m\u00e1s sobre c\u00f3mo dirigir un negocio; m\u00e1s de una vez, me di una palmada en la frente y pens\u00e9: \u00ab\u00a1Ojal\u00e1 lo hubiera sabido antes!\u00bb. Sin embargo, creo firmemente que el <em>fracaso<\/em> no existe; \u00a1simplemente aprendes a <em>no hacer<\/em> las cosas!  <\/p><p>Despu\u00e9s de una breve estancia en Irlanda en la primera mitad de 2020, volv\u00ed a Canad\u00e1 con la esperanza de encontrar un puesto en un proveedor de servicios de TI, pero sucedieron dos cosas: 1) no consegu\u00ed el puesto que esperaba y 2) las oportunidades empezaron a presentarse. As\u00ed que aqu\u00ed estoy de nuevo: trabajando como consultor y disfrut\u00e1ndolo.   <\/p><p>La intenci\u00f3n era centrarme en las auditor\u00edas de ciberseguridad para peque\u00f1as y medianas empresas, pero las recomendaciones de mi viejo amigo y mentor, y de otros, me han llevado a trabajar no solo en proyectos de ciberseguridad, sino en todo tipo de cosas relacionadas con la administraci\u00f3n de empresas, las ventas y el marketing, la gesti\u00f3n de productos y el resto de tareas relacionadas con los negocios. Parece que a lo largo de mi trayectoria he aprendido lecciones importantes sobre el esp\u00edritu empresarial: sobre c\u00f3mo hacer las cosas, c\u00f3mo <em>no hacer<\/em> otras, y que todo este conocimiento y sabidur\u00eda acumulados tienen suficiente valor para que la gente contrate mis servicios. <\/p><p>\u00a1Y no hay nada que me guste m\u00e1s que ayudar a otros empresarios! Con la edad tambi\u00e9n viene otro rasgo: la honestidad. En esta etapa de mi carrera, no tengo ning\u00fan problema en ser absolutamente sincero con los clientes. Resulta que la mayor\u00eda prefiere pagarme para escuchar opiniones honestas en lugar de lo que <em>creo que quieren o\u00edr<\/em> (o, como a menudo confirmo antes de discutir algo con ellos, \u00ab\u00bfQuieres que sea honesto o educado?\u00bb).  <\/p>\t\t\t\t\t\t\t\t<\/div>\n\t\t\t\t<\/div>\n\t\t\t\t\t<\/div>\n\t\t<\/div>\n\t\t\t\t\t<\/div>\n\t\t<\/section>\n\t\t\t\t<section data-particle_enable=\"false\" data-particle-mobile-disabled=\"false\" class=\"elementor-section elementor-top-section elementor-element elementor-element-b558d8e elementor-section-boxed elementor-section-height-default elementor-section-height-default\" data-id=\"b558d8e\" data-element_type=\"section\" data-e-type=\"section\" data-settings=\"{&quot;jet_parallax_layout_list&quot;:[{&quot;jet_parallax_layout_image&quot;:{&quot;url&quot;:&quot;&quot;,&quot;id&quot;:&quot;&quot;,&quot;size&quot;:&quot;&quot;},&quot;_id&quot;:&quot;d2ddd89&quot;,&quot;jet_parallax_layout_image_tablet&quot;:{&quot;url&quot;:&quot;&quot;,&quot;id&quot;:&quot;&quot;,&quot;size&quot;:&quot;&quot;},&quot;jet_parallax_layout_image_mobile&quot;:{&quot;url&quot;:&quot;&quot;,&quot;id&quot;:&quot;&quot;,&quot;size&quot;:&quot;&quot;},&quot;jet_parallax_layout_speed&quot;:{&quot;unit&quot;:&quot;%&quot;,&quot;size&quot;:50,&quot;sizes&quot;:[]},&quot;jet_parallax_layout_type&quot;:&quot;scroll&quot;,&quot;jet_parallax_layout_direction&quot;:&quot;1&quot;,&quot;jet_parallax_layout_fx_direction&quot;:null,&quot;jet_parallax_layout_z_index&quot;:&quot;&quot;,&quot;jet_parallax_layout_bg_x&quot;:50,&quot;jet_parallax_layout_bg_x_tablet&quot;:&quot;&quot;,&quot;jet_parallax_layout_bg_x_mobile&quot;:&quot;&quot;,&quot;jet_parallax_layout_bg_y&quot;:50,&quot;jet_parallax_layout_bg_y_tablet&quot;:&quot;&quot;,&quot;jet_parallax_layout_bg_y_mobile&quot;:&quot;&quot;,&quot;jet_parallax_layout_bg_size&quot;:&quot;auto&quot;,&quot;jet_parallax_layout_bg_size_tablet&quot;:&quot;&quot;,&quot;jet_parallax_layout_bg_size_mobile&quot;:&quot;&quot;,&quot;jet_parallax_layout_animation_prop&quot;:&quot;transform&quot;,&quot;jet_parallax_layout_on&quot;:[&quot;desktop&quot;,&quot;tablet&quot;]}],&quot;background_background&quot;:&quot;classic&quot;}\">\n\t\t\t\t\t\t<div class=\"elementor-container elementor-column-gap-default\">\n\t\t\t\t\t<div class=\"elementor-column elementor-col-100 elementor-top-column elementor-element elementor-element-0d851b3\" data-id=\"0d851b3\" data-element_type=\"column\" data-e-type=\"column\">\n\t\t\t<div class=\"elementor-widget-wrap elementor-element-populated\">\n\t\t\t\t\t\t<section data-particle_enable=\"false\" data-particle-mobile-disabled=\"false\" class=\"elementor-section elementor-inner-section elementor-element elementor-element-4a2eb84 elementor-section-boxed elementor-section-height-default elementor-section-height-default\" data-id=\"4a2eb84\" data-element_type=\"section\" data-e-type=\"section\" data-settings=\"{&quot;jet_parallax_layout_list&quot;:[{&quot;jet_parallax_layout_image&quot;:{&quot;url&quot;:&quot;&quot;,&quot;id&quot;:&quot;&quot;,&quot;size&quot;:&quot;&quot;},&quot;_id&quot;:&quot;b72e98f&quot;,&quot;jet_parallax_layout_image_tablet&quot;:{&quot;url&quot;:&quot;&quot;,&quot;id&quot;:&quot;&quot;,&quot;size&quot;:&quot;&quot;},&quot;jet_parallax_layout_image_mobile&quot;:{&quot;url&quot;:&quot;&quot;,&quot;id&quot;:&quot;&quot;,&quot;size&quot;:&quot;&quot;},&quot;jet_parallax_layout_speed&quot;:{&quot;unit&quot;:&quot;%&quot;,&quot;size&quot;:50,&quot;sizes&quot;:[]},&quot;jet_parallax_layout_type&quot;:&quot;scroll&quot;,&quot;jet_parallax_layout_direction&quot;:&quot;1&quot;,&quot;jet_parallax_layout_fx_direction&quot;:null,&quot;jet_parallax_layout_z_index&quot;:&quot;&quot;,&quot;jet_parallax_layout_bg_x&quot;:50,&quot;jet_parallax_layout_bg_x_tablet&quot;:&quot;&quot;,&quot;jet_parallax_layout_bg_x_mobile&quot;:&quot;&quot;,&quot;jet_parallax_layout_bg_y&quot;:50,&quot;jet_parallax_layout_bg_y_tablet&quot;:&quot;&quot;,&quot;jet_parallax_layout_bg_y_mobile&quot;:&quot;&quot;,&quot;jet_parallax_layout_bg_size&quot;:&quot;auto&quot;,&quot;jet_parallax_layout_bg_size_tablet&quot;:&quot;&quot;,&quot;jet_parallax_layout_bg_size_mobile&quot;:&quot;&quot;,&quot;jet_parallax_layout_animation_prop&quot;:&quot;transform&quot;,&quot;jet_parallax_layout_on&quot;:[&quot;desktop&quot;,&quot;tablet&quot;]}]}\">\n\t\t\t\t\t\t<div class=\"elementor-container elementor-column-gap-default\">\n\t\t\t\t\t<div class=\"elementor-column elementor-col-50 elementor-inner-column elementor-element elementor-element-626311a\" data-id=\"626311a\" data-element_type=\"column\" data-e-type=\"column\">\n\t\t\t<div class=\"elementor-widget-wrap elementor-element-populated\">\n\t\t\t\t\t\t<div class=\"elementor-element elementor-element-ce53538 elementor-widget elementor-widget-heading\" data-id=\"ce53538\" data-element_type=\"widget\" data-e-type=\"widget\" data-widget_type=\"heading.default\">\n\t\t\t\t<div class=\"elementor-widget-container\">\n\t\t\t\t\t<h2 class=\"elementor-heading-title elementor-size-default\">Nota sobre el tema n\u00e1utico<\/h2>\t\t\t\t<\/div>\n\t\t\t\t<\/div>\n\t\t\t\t<div class=\"elementor-element elementor-element-4d38194 elementor-widget elementor-widget-text-editor\" data-id=\"4d38194\" data-element_type=\"widget\" data-e-type=\"widget\" data-widget_type=\"text-editor.default\">\n\t\t\t\t<div class=\"elementor-widget-container\">\n\t\t\t\t\t\t\t\t\t<p>Si ha estado examinando el sitio, puede que haya notado un tema algo n\u00e1utico: sextantes, br\u00fajulas, mapas antiguos, timones de barco, etc. \u00bfQu\u00e9 tienen que ver estos elementos con la ciberseguridad, la inform\u00e1tica o los negocios? <\/p>\n<p>B\u00e1sicamente, todos estos elementos han ayudado a las personas a navegar con sus barcos hasta su destino correcto. Los sextantes se utilizaban para determinar d\u00f3nde estaba el barco, la br\u00fajula ayudaba al capit\u00e1n a asegurarse de que se dirig\u00eda en la direcci\u00f3n correcta, los mapas para trazar su rumbo y el tim\u00f3n para girar el barco hacia el destino deseado. <\/p>\n<p>Todos estos elementos, en mi opini\u00f3n, son met\u00e1foras perfectas para el empresario y las responsabilidades de dirigir un negocio.<br><\/p>\t\t\t\t\t\t\t\t<\/div>\n\t\t\t\t<\/div>\n\t\t\t\t\t<\/div>\n\t\t<\/div>\n\t\t\t\t<div class=\"elementor-column elementor-col-50 elementor-inner-column elementor-element elementor-element-5175584\" data-id=\"5175584\" data-element_type=\"column\" data-e-type=\"column\">\n\t\t\t<div class=\"elementor-widget-wrap elementor-element-populated\">\n\t\t\t\t\t\t<div class=\"elementor-element elementor-element-6de5a0c elementor-invisible elementor-widget elementor-widget-image\" data-id=\"6de5a0c\" data-element_type=\"widget\" data-e-type=\"widget\" data-settings=\"{&quot;_animation&quot;:&quot;slideInRight&quot;}\" data-widget_type=\"image.default\">\n\t\t\t\t<div class=\"elementor-widget-container\">\n\t\t\t\t\t\t\t\t\t\t\t\t\t\t\t<img decoding=\"async\" width=\"300\" height=\"168\" src=\"https:\/\/trilogiam.ca\/wp-content\/uploads\/2023\/12\/Wheel-small-300x168.png\" class=\"attachment-medium size-medium wp-image-3091\" alt=\"\" srcset=\"https:\/\/trilogiam.ca\/wp-content\/uploads\/2023\/12\/Wheel-small-300x168.png 300w, https:\/\/trilogiam.ca\/wp-content\/uploads\/2023\/12\/Wheel-small-768x430.png 768w, https:\/\/trilogiam.ca\/wp-content\/uploads\/2023\/12\/Wheel-small.png 1000w\" sizes=\"(max-width: 300px) 100vw, 300px\" \/>\t\t\t\t\t\t\t\t\t\t\t\t\t\t\t<\/div>\n\t\t\t\t<\/div>\n\t\t\t\t\t<\/div>\n\t\t<\/div>\n\t\t\t\t\t<\/div>\n\t\t<\/section>\n\t\t\t\t\t<\/div>\n\t\t<\/div>\n\t\t\t\t\t<\/div>\n\t\t<\/section>\n\t\t\t\t<\/div>\n\t\t","protected":false},"excerpt":{"rendered":"<p>Mi camino Dicen que el tiempo vuela cuando te diviertes, lo que puede explicar por qu\u00e9 treinta quatro a\u00f1os en el sector de la inform\u00e1tica han pasado tan r\u00e1pido. No ten\u00eda necesariamente la intenci\u00f3n de hacer carrera en inform\u00e1tica; \u00a1muchas de las cosas que damos por sentadas hoy ni siquiera exist\u00edan hace 30 a\u00f1os! Simplemente&#8230; [&hellip;]<\/p>\n","protected":false},"author":7,"featured_media":0,"parent":0,"menu_order":0,"comment_status":"closed","ping_status":"closed","template":"","meta":{"_seopress_robots_primary_cat":"","_seopress_titles_title":"","_seopress_titles_desc":"","_seopress_robots_index":"","_eb_attr":"","site-sidebar-layout":"no-sidebar","site-content-layout":"page-builder","ast-site-content-layout":"default","site-content-style":"default","site-sidebar-style":"default","ast-global-header-display":"","ast-banner-title-visibility":"","ast-main-header-display":"","ast-hfb-above-header-display":"","ast-hfb-below-header-display":"","ast-hfb-mobile-header-display":"","site-post-title":"disabled","ast-breadcrumbs-content":"","ast-featured-img":"disabled","footer-sml-layout":"","ast-disable-related-posts":"","theme-transparent-header-meta":"enabled","adv-header-id-meta":"","stick-header-meta":"","header-above-stick-meta":"","header-main-stick-meta":"","header-below-stick-meta":"","astra-migrate-meta-layouts":"default","ast-page-background-enabled":"default","ast-page-background-meta":{"desktop":{"background-color":"","background-image":"","background-repeat":"repeat","background-position":"center center","background-size":"auto","background-attachment":"scroll","background-type":"","background-media":"","overlay-type":"","overlay-color":"","overlay-opacity":"","overlay-gradient":""},"tablet":{"background-color":"","background-image":"","background-repeat":"repeat","background-position":"center center","background-size":"auto","background-attachment":"scroll","background-type":"","background-media":"","overlay-type":"","overlay-color":"","overlay-opacity":"","overlay-gradient":""},"mobile":{"background-color":"","background-image":"","background-repeat":"repeat","background-position":"center center","background-size":"auto","background-attachment":"scroll","background-type":"","background-media":"","overlay-type":"","overlay-color":"","overlay-opacity":"","overlay-gradient":""}},"ast-content-background-meta":{"desktop":{"background-color":"var(--ast-global-color-5)","background-image":"","background-repeat":"repeat","background-position":"center center","background-size":"auto","background-attachment":"scroll","background-type":"","background-media":"","overlay-type":"","overlay-color":"","overlay-opacity":"","overlay-gradient":""},"tablet":{"background-color":"var(--ast-global-color-5)","background-image":"","background-repeat":"repeat","background-position":"center center","background-size":"auto","background-attachment":"scroll","background-type":"","background-media":"","overlay-type":"","overlay-color":"","overlay-opacity":"","overlay-gradient":""},"mobile":{"background-color":"var(--ast-global-color-5)","background-image":"","background-repeat":"repeat","background-position":"center center","background-size":"auto","background-attachment":"scroll","background-type":"","background-media":"","overlay-type":"","overlay-color":"","overlay-opacity":"","overlay-gradient":""}},"footnotes":""},"class_list":["post-3098","page","type-page","status-publish"],"_links":{"self":[{"href":"https:\/\/trilogiam.ca\/es\/wp-json\/wp\/v2\/pages\/3098","targetHints":{"allow":["GET"]}}],"collection":[{"href":"https:\/\/trilogiam.ca\/es\/wp-json\/wp\/v2\/pages"}],"about":[{"href":"https:\/\/trilogiam.ca\/es\/wp-json\/wp\/v2\/types\/page"}],"author":[{"embeddable":true,"href":"https:\/\/trilogiam.ca\/es\/wp-json\/wp\/v2\/users\/7"}],"replies":[{"embeddable":true,"href":"https:\/\/trilogiam.ca\/es\/wp-json\/wp\/v2\/comments?post=3098"}],"version-history":[{"count":0,"href":"https:\/\/trilogiam.ca\/es\/wp-json\/wp\/v2\/pages\/3098\/revisions"}],"wp:attachment":[{"href":"https:\/\/trilogiam.ca\/es\/wp-json\/wp\/v2\/media?parent=3098"}],"curies":[{"name":"wp","href":"https:\/\/api.w.org\/{rel}","templated":true}]}}